{"id":13157,"date":"2018-07-02T13:48:11","date_gmt":"2018-07-02T13:48:11","guid":{"rendered":"http:\/\/derigran.be\/?page_id=13157"},"modified":"2018-11-20T10:13:28","modified_gmt":"2018-11-20T10:13:28","slug":"history","status":"publish","type":"page","link":"https:\/\/www.derigran.be\/fr\/history\/","title":{"rendered":"Histoire"},"content":{"rendered":"<div class=\"wpb-content-wrapper\"><p><\/p>\n<p>[vc_row parallax=\u00a0\u00bbcontent-moving\u00a0\u00bb parallax_image=\u00a0\u00bb13241&Prime; css=\u00a0\u00bb.vc_custom_1530698196306{padding-top: 50px !important;padding-bottom: 50px !important;}\u00a0\u00bb][vc_column width=\u00a0\u00bb1\/12&Prime;][\/vc_column][vc_column width=\u00a0\u00bb5\/12&Prime;][vc_column_text css=\u00a0\u00bb.vc_custom_1538385341549{margin-bottom: 20px !important;}\u00a0\u00bb]<span style=\"font-weight: 400;\">Derigran NV fut fond\u00e9 en 1981 par des partenaires priv\u00e9s belges et anglais.<\/span><\/p>\n<p><span style=\"font-weight: 400;\">Afin de garantir la continuit\u00e9 et le respect de la philosophie d\u2019origine, l\u2019entreprise fut vendue en 1999 aux propri\u00e9taires priv\u00e9s actuels, en exigeant encore plus d\u2019implication personnelle et de participation active dans les affaires quotidiennes. <\/span>[\/vc_column_text][vc_single_image image=\u00a0\u00bb13167&Prime; img_size=\u00a0\u00bbfull\u00a0\u00bb][vc_column_text css=\u00a0\u00bb.vc_custom_1538385351230{margin-bottom: 20px !important;}\u00a0\u00bb]<span style=\"font-weight: 400;\">Apr\u00e8s un transfert complet et efficace des connaissances, des principes et des r\u00e8gles d\u00e9ontologiques de base relatifs au march\u00e9 traditionnel, les propri\u00e9taires actuels se sont \u00e9galement concentr\u00e9s sur les niches de march\u00e9 des aliments pour animaux et des coproduits provenant des industries alimentaire, meuni\u00e8re et amidonni\u00e8re.<\/span><\/p>\n<p><span style=\"font-weight: 400;\">En 2000, dans le contexte de l\u2019\u00e9volution europ\u00e9enne vers<\/span> <span style=\"font-weight: 400;\">un seul grand march\u00e9 europ\u00e9en (EU-15\/23\/25\/27\/\u2026), les propri\u00e9taires actuels ont d\u00e9cid\u00e9 de s\u2019impliquer dans l\u2019ensemble de l\u2019Union Europ\u00e9enne. <\/span>[\/vc_column_text][vc_single_image image=\u00a0\u00bb13168&Prime; img_size=\u00a0\u00bbfull\u00a0\u00bb][vc_column_text css=\u00a0\u00bb.vc_custom_1538385367489{margin-bottom: 20px !important;}\u00a0\u00bb]<span style=\"font-weight: 400;\">Derigran n\u2019eut de cesse de grandir en termes de taille, de client\u00e8le et de personnel, sans jamais d\u00e9roger \u00e0 la r\u00e8gle de base suivante : un courtier se doit de garantir une neutralit\u00e9 totale.<\/span><\/p>\n<h4>\u00ab\u00a0<b>Un courtier ne peut en aucun cas \u00eatre propri\u00e9taire des biens.<\/b>\u201d<\/h4>\n<p>[\/vc_column_text][vc_separator][\/vc_column][vc_column width=\u00a0\u00bb1\/2&Prime;][\/vc_column][\/vc_row][vc_row css=\u00a0\u00bb.vc_custom_1530532437880{padding-top: 45px !important;padding-bottom: 15px !important;background-color: #a5a43e !important;}\u00a0\u00bb][vc_column css=\u00a0\u00bb.vc_custom_1453536356925{padding-top: 0px !important;}\u00a0\u00bb][vc_row_inner wrap_type=\u00a0\u00bbin_container\u00a0\u00bb][vc_column_inner width=\u00a0\u00bb2\/3&Prime;][vc_column_text css=\u00a0\u00bb.vc_custom_1538386407336{margin-top: 0px !important;margin-bottom: 0px !important;}\u00a0\u00bb]<\/p>\n<p style=\"color: #fff; font-size: 22px; margin: 0 0 5px;\">Vous avez des questions concernant les c\u00e9r\u00e9ales et les aliments pour animaux ?<\/p>\n<p><span style=\"color: #fff; font-style: italic;\">N\u2019h\u00e9sitez pas \u00e0 nous contacter.<\/span>[\/vc_column_text][vc_empty_space height=\u00a0\u00bb30px\u00a0\u00bb][\/vc_column_inner][vc_column_inner width=\u00a0\u00bb1\/3&Prime;][dh_button title=\u00a0\u00bbCONTACTEZ NOUS\u00a0\u00bb btn_icon_type=\u00a0\u00bbfontawesome\u00a0\u00bb btn_icon_align=\u00a0\u00bbright\u00a0\u00bb btn_icon_slide_in=\u00a0\u00bbyes\u00a0\u00bb icon_fontawesome=\u00a0\u00bbfa fa-long-arrow-right\u00a0\u00bb style=\u00a0\u00bboutline\u00a0\u00bb color=\u00a0\u00bbcustom\u00a0\u00bb alignment=\u00a0\u00bbright\u00a0\u00bb href=\u00a0\u00bbhttps:\/\/derigran.be\/fr\/contact\/\u00a0\u00bb border_color=\u00a0\u00bb#ffffff\u00a0\u00bb text_color=\u00a0\u00bb#ffffff\u00a0\u00bb][\/vc_column_inner][\/vc_row_inner][\/vc_column][\/vc_row]<\/p>\n<p><\/p>\n<\/div>","protected":false},"excerpt":{"rendered":"<p>[vc_row parallax=\u00a0\u00bbcontent-moving\u00a0\u00bb parallax_image=\u00a0\u00bb13241&Prime; css=\u00a0\u00bb.vc_custom_1530698196306{padding-top: 50px !important;padding-bottom: 50px !important;}\u00a0\u00bb][vc_column width=\u00a0\u00bb1\/12&Prime;][\/vc_column][vc_column width=\u00a0\u00bb5\/12&Prime;][vc_column_text css=\u00a0\u00bb.vc_custom_1538385341549{margin-bottom: 20px !important;}\u00a0\u00bb]Derigran NV fut fond\u00e9 en 1981 par des partenaires priv\u00e9s belges et anglais. Afin de garantir la continuit\u00e9 et le respect de la philosophie d\u2019origine, l\u2019entreprise fut vendue en 1999 aux propri\u00e9taires priv\u00e9s actuels, en exigeant encore plus d\u2019implication personnelle et de participation active dans les affaires quotidiennes&#8230;.<\/p>\n","protected":false},"author":1,"featured_media":0,"parent":0,"menu_order":0,"comment_status":"closed","ping_status":"closed","template":"page-full-width.php","meta":{"footnotes":""},"class_list":["post-13157","page","type-page","status-publish","hentry"],"_links":{"self":[{"href":"https:\/\/www.derigran.be\/fr\/wp-json\/wp\/v2\/pages\/13157","targetHints":{"allow":["GET"]}}],"collection":[{"href":"https:\/\/www.derigran.be\/fr\/wp-json\/wp\/v2\/pages"}],"about":[{"href":"https:\/\/www.derigran.be\/fr\/wp-json\/wp\/v2\/types\/page"}],"author":[{"embeddable":true,"href":"https:\/\/www.derigran.be\/fr\/wp-json\/wp\/v2\/users\/1"}],"replies":[{"embeddable":true,"href":"https:\/\/www.derigran.be\/fr\/wp-json\/wp\/v2\/comments?post=13157"}],"version-history":[{"count":26,"href":"https:\/\/www.derigran.be\/fr\/wp-json\/wp\/v2\/pages\/13157\/revisions"}],"predecessor-version":[{"id":13534,"href":"https:\/\/www.derigran.be\/fr\/wp-json\/wp\/v2\/pages\/13157\/revisions\/13534"}],"wp:attachment":[{"href":"https:\/\/www.derigran.be\/fr\/wp-json\/wp\/v2\/media?parent=13157"}],"curies":[{"name":"wp","href":"https:\/\/api.w.org\/{rel}","templated":true}]}}