{"id":13183,"date":"2018-07-03T12:36:28","date_gmt":"2018-07-03T12:36:28","guid":{"rendered":"http:\/\/derigran.be\/?page_id=13183"},"modified":"2020-12-23T11:02:43","modified_gmt":"2020-12-23T11:02:43","slug":"products","status":"publish","type":"page","link":"https:\/\/www.derigran.be\/fr\/products\/","title":{"rendered":"Produits"},"content":{"rendered":"<div class=\"wpb-content-wrapper\"><p><\/p>\n<p>[vc_row wrap_type=\u00a0\u00bbin_container\u00a0\u00bb css=\u00a0\u00bb.vc_custom_1530624161526{padding-top: 50px !important;}\u00a0\u00bb][vc_column width=\u00a0\u00bb1\/3&Prime;][vc_single_image image=\u00a0\u00bb13392&Prime; img_size=\u00a0\u00bbfull\u00a0\u00bb][vc_custom_heading text=\u00a0\u00bbCoproduits c\u00e9r\u00e9aliers\u00a0\u00bb font_container=\u00a0\u00bbtag:h3|text_align:left\u00a0\u00bb use_theme_fonts=\u00a0\u00bbyes\u00a0\u00bb][vc_column_text css=\u00a0\u00bb.vc_custom_1538385745069{margin-bottom: 20px !important;}\u00a0\u00bb]<span style=\"font-weight: 400;\">Gluten de bl\u00e9<\/span> <span style=\"color: #999999;\">&#8211;<span style=\"font-weight: 400;\">granul\u00e9s\/farine<\/span><\/span><br \/>\n<span style=\"font-weight: 400;\">Son de bl\u00e9 <\/span><span style=\"color: #999999;\">\u00a0&#8211;<span style=\"font-weight: 400;\">granul\u00e9s<\/span><\/span><br \/>\n<span style=\"font-weight: 400;\">Farine basse<\/span><br \/>\n<span style=\"font-weight: 400;\">Issues de bl\u00e9<\/span>\u00a0<span style=\"color: #999999;\">&#8211;<span style=\"font-weight: 400;\">granul\u00e9s<\/span><\/span><br \/>\n<span style=\"font-weight: 400;\">Germes de bl\u00e9<\/span><br \/>\n<span style=\"font-weight: 400;\">Gluten de ma\u00efs<\/span>\u00a0<span style=\"color: #999999;\">&#8211;<span style=\"font-weight: 400;\">granul\u00e9s\/farine<\/span><\/span><br \/>\n<span style=\"font-weight: 400;\">Farine Prairie\/Farine de gluten de ma\u00efs<\/span><br \/>\n<span style=\"font-weight: 400;\">Farine de ma\u00efs<\/span><br \/>\n<span style=\"font-weight: 400;\">Germes de ma\u00efs<\/span><br \/>\n<span style=\"font-weight: 400;\">Farine de germes de ma\u00efs<\/span>[\/vc_column_text][\/vc_column][vc_column width=\u00a0\u00bb1\/3&Prime;][vc_single_image image=\u00a0\u00bb13188&Prime; img_size=\u00a0\u00bbfull\u00a0\u00bb][vc_custom_heading text=\u00a0\u00bbCoproduits de graines\u00a0\u00bb font_container=\u00a0\u00bbtag:h3|text_align:left\u00a0\u00bb use_theme_fonts=\u00a0\u00bbyes\u00a0\u00bb][vc_column_text css=\u00a0\u00bb.vc_custom_1538385776943{margin-bottom: 20px !important;}\u00a0\u00bb]<span style=\"font-weight: 400;\">Farine de tournesol<\/span> <span style=\"color: #999999;\">-expeller<\/span><br \/>\n<span style=\"font-weight: 400;\">Farine de colza<\/span> <span style=\"color: #999999;\">-expeller<\/span><br \/>\n<span style=\"font-weight: 400;\">Farine de graines de lin<\/span> <span style=\"color: #999999;\">&#8211; expeller<\/span>[\/vc_column_text][\/vc_column][vc_column width=\u00a0\u00bb1\/3&Prime;][vc_single_image image=\u00a0\u00bb13393&Prime; img_size=\u00a0\u00bbfull\u00a0\u00bb][vc_custom_heading text=\u00a0\u00bbCoproduits de l\u2019industrie des aliments et des boissons\u00a0\u00bb font_container=\u00a0\u00bbtag:h3|text_align:left\u00a0\u00bb use_theme_fonts=\u00a0\u00bbyes\u00a0\u00bb][vc_column_text css=\u00a0\u00bb.vc_custom_1538385836410{margin-bottom: 20px !important;}\u00a0\u00bb]<span style=\"font-weight: 400;\">Granul\u00e9s de germes de malt<\/span><br \/>\n<span style=\"font-weight: 400;\">Balles d\u2019avoine <\/span> <span style=\"color: #999999;\">-granul\u00e9s<\/span><br \/>\nBalles d\u2019\u00e9peautre <span style=\"color: #999999;\">-granul\u00e9s<\/span><br \/>\n<span style=\"font-weight: 400;\">DDGS de l\u2019industrie de la bio\u00e9nergie<\/span><br \/>\n<span style=\"font-weight: 400;\">Coproduits de la pomme de terre<\/span>[\/vc_column_text][\/vc_column][\/vc_row][vc_row wrap_type=\u00a0\u00bbin_container\u00a0\u00bb css=\u00a0\u00bb.vc_custom_1530624161526{padding-top: 50px !important;}\u00a0\u00bb][vc_column width=\u00a0\u00bb1\/3&Prime;][vc_single_image image=\u00a0\u00bb13186&Prime; img_size=\u00a0\u00bbfull\u00a0\u00bb][vc_custom_heading text=\u00a0\u00bbC\u00e9r\u00e9ales\u00a0\u00bb font_container=\u00a0\u00bbtag:h3|text_align:left\u00a0\u00bb use_theme_fonts=\u00a0\u00bbyes\u00a0\u00bb][vc_column_text css=\u00a0\u00bb.vc_custom_1538385938651{margin-bottom: 20px !important;}\u00a0\u00bb]<span style=\"font-weight: 400;\">Bl\u00e9 &#8211; Mouture + Fourrage<\/span><br \/>\n<span style=\"font-weight: 400;\">Seigle &#8211; Mouture + Fourrage<\/span><br \/>\n<span style=\"font-weight: 400;\">\u00c9peautre &#8211; Mouture + Fourrage<\/span><br \/>\n<span style=\"font-weight: 400;\">Orge<\/span><br \/>\n<span style=\"font-weight: 400;\">Triticale<\/span><br \/>\n<span style=\"font-weight: 400;\">Ma\u00efs<\/span><br \/>\n<span style=\"font-weight: 400;\">Avoine<\/span><br \/>\n<span style=\"font-weight: 400;\">Sorgho<\/span>[\/vc_column_text][\/vc_column][vc_column width=\u00a0\u00bb1\/3&Prime;][vc_single_image image=\u00a0\u00bb13191&Prime; img_size=\u00a0\u00bbfull\u00a0\u00bb][vc_custom_heading text=\u00a0\u00bbGraines\u00a0\u00bb font_container=\u00a0\u00bbtag:h3|text_align:left\u00a0\u00bb use_theme_fonts=\u00a0\u00bbyes\u00a0\u00bb][vc_column_text css=\u00a0\u00bb.vc_custom_1538385972651{margin-bottom: 20px !important;}\u00a0\u00bb]<span style=\"font-weight: 400;\">Graines de colza<br \/>\n<\/span><span style=\"font-weight: 400;\">Graines de lin<br \/>\n<\/span><span style=\"font-weight: 400;\">Graines de tournesol<\/span>[\/vc_column_text][\/vc_column][vc_column width=\u00a0\u00bb1\/3&Prime;][vc_single_image image=\u00a0\u00bb13190&Prime; img_size=\u00a0\u00bbfull\u00a0\u00bb][vc_custom_heading text=\u00a0\u00bbProt\u00e9ines\u00a0\u00bb font_container=\u00a0\u00bbtag:h3|text_align:left\u00a0\u00bb use_theme_fonts=\u00a0\u00bbyes\u00a0\u00bb][vc_column_text css=\u00a0\u00bb.vc_custom_1538386003663{margin-bottom: 20px !important;}\u00a0\u00bb]Soja <span style=\"color: #999999;\">-haricots<\/span><br \/>\n<span style=\"font-weight: 400;\">Pois<\/span><br \/>\n<span style=\"font-weight: 400;\">F\u00e9veroles<\/span><br \/>\n<span style=\"font-weight: 400;\">Lupin<\/span>[\/vc_column_text][\/vc_column][\/vc_row][vc_row css=\u00a0\u00bb.vc_custom_1530532437880{padding-top: 45px !important;padding-bottom: 15px !important;background-color: #a5a43e !important;}\u00a0\u00bb][vc_column css=\u00a0\u00bb.vc_custom_1453536356925{padding-top: 0px !important;}\u00a0\u00bb][vc_row_inner wrap_type=\u00a0\u00bbin_container\u00a0\u00bb][vc_column_inner width=\u00a0\u00bb2\/3&Prime;][vc_column_text css=\u00a0\u00bb.vc_custom_1538386416511{margin-top: 0px !important;margin-bottom: 0px !important;}\u00a0\u00bb]<\/p>\n<p style=\"color: #fff; font-size: 22px; margin: 0 0 5px;\">Vous avez des questions concernant les c\u00e9r\u00e9ales et les aliments pour animaux ?<\/p>\n<p><span style=\"color: #fff; font-style: italic;\">N\u2019h\u00e9sitez pas \u00e0 nous contacter.<\/span>[\/vc_column_text][vc_empty_space height=\u00a0\u00bb30px\u00a0\u00bb][\/vc_column_inner][vc_column_inner width=\u00a0\u00bb1\/3&Prime;][dh_button title=\u00a0\u00bbCONTACTEZ NOUS\u00a0\u00bb btn_icon_type=\u00a0\u00bbfontawesome\u00a0\u00bb btn_icon_align=\u00a0\u00bbright\u00a0\u00bb btn_icon_slide_in=\u00a0\u00bbyes\u00a0\u00bb icon_fontawesome=\u00a0\u00bbfa fa-long-arrow-right\u00a0\u00bb style=\u00a0\u00bboutline\u00a0\u00bb color=\u00a0\u00bbcustom\u00a0\u00bb alignment=\u00a0\u00bbright\u00a0\u00bb href=\u00a0\u00bbhttps:\/\/derigran.be\/fr\/contact\/\u00a0\u00bb border_color=\u00a0\u00bb#ffffff\u00a0\u00bb text_color=\u00a0\u00bb#ffffff\u00a0\u00bb][\/vc_column_inner][\/vc_row_inner][\/vc_column][\/vc_row]<\/p>\n<p><\/p>\n<\/div>","protected":false},"excerpt":{"rendered":"<p>[vc_row wrap_type=\u00a0\u00bbin_container\u00a0\u00bb css=\u00a0\u00bb.vc_custom_1530624161526{padding-top: 50px !important;}\u00a0\u00bb][vc_column width=\u00a0\u00bb1\/3&Prime;][vc_single_image image=\u00a0\u00bb13392&Prime; img_size=\u00a0\u00bbfull\u00a0\u00bb][vc_custom_heading text=\u00a0\u00bbCoproduits c\u00e9r\u00e9aliers\u00a0\u00bb font_container=\u00a0\u00bbtag:h3|text_align:left\u00a0\u00bb use_theme_fonts=\u00a0\u00bbyes\u00a0\u00bb][vc_column_text css=\u00a0\u00bb.vc_custom_1538385745069{margin-bottom: 20px !important;}\u00a0\u00bb]Gluten de bl\u00e9 &#8211;granul\u00e9s\/farine Son de bl\u00e9 \u00a0&#8211;granul\u00e9s Farine basse Issues de bl\u00e9\u00a0&#8211;granul\u00e9s Germes de bl\u00e9 Gluten de ma\u00efs\u00a0&#8211;granul\u00e9s\/farine Farine Prairie\/Farine de gluten de ma\u00efs Farine de ma\u00efs Germes de ma\u00efs Farine de germes de ma\u00efs[\/vc_column_text][\/vc_column][vc_column width=\u00a0\u00bb1\/3&Prime;][vc_single_image image=\u00a0\u00bb13188&Prime; img_size=\u00a0\u00bbfull\u00a0\u00bb][vc_custom_heading text=\u00a0\u00bbCoproduits de graines\u00a0\u00bb font_container=\u00a0\u00bbtag:h3|text_align:left\u00a0\u00bb use_theme_fonts=\u00a0\u00bbyes\u00a0\u00bb][vc_column_text css=\u00a0\u00bb.vc_custom_1538385776943{margin-bottom: 20px&#8230;<\/p>\n","protected":false},"author":1,"featured_media":0,"parent":0,"menu_order":0,"comment_status":"closed","ping_status":"closed","template":"page-full-width.php","meta":{"footnotes":""},"class_list":["post-13183","page","type-page","status-publish","hentry"],"_links":{"self":[{"href":"https:\/\/www.derigran.be\/fr\/wp-json\/wp\/v2\/pages\/13183","targetHints":{"allow":["GET"]}}],"collection":[{"href":"https:\/\/www.derigran.be\/fr\/wp-json\/wp\/v2\/pages"}],"about":[{"href":"https:\/\/www.derigran.be\/fr\/wp-json\/wp\/v2\/types\/page"}],"author":[{"embeddable":true,"href":"https:\/\/www.derigran.be\/fr\/wp-json\/wp\/v2\/users\/1"}],"replies":[{"embeddable":true,"href":"https:\/\/www.derigran.be\/fr\/wp-json\/wp\/v2\/comments?post=13183"}],"version-history":[{"count":28,"href":"https:\/\/www.derigran.be\/fr\/wp-json\/wp\/v2\/pages\/13183\/revisions"}],"predecessor-version":[{"id":13594,"href":"https:\/\/www.derigran.be\/fr\/wp-json\/wp\/v2\/pages\/13183\/revisions\/13594"}],"wp:attachment":[{"href":"https:\/\/www.derigran.be\/fr\/wp-json\/wp\/v2\/media?parent=13183"}],"curies":[{"name":"wp","href":"https:\/\/api.w.org\/{rel}","templated":true}]}}