{"id":13183,"date":"2018-07-03T12:36:28","date_gmt":"2018-07-03T12:36:28","guid":{"rendered":"http:\/\/derigran.be\/?page_id=13183"},"modified":"2020-12-23T11:02:43","modified_gmt":"2020-12-23T11:02:43","slug":"products","status":"publish","type":"page","link":"https:\/\/www.derigran.be\/nl\/products\/","title":{"rendered":"Producten"},"content":{"rendered":"<div class=\"wpb-content-wrapper\"><p>[vc_row wrap_type=&#8221;in_container&#8221; css=&#8221;.vc_custom_1530624161526{padding-top: 50px !important;}&#8221;][vc_column width=&#8221;1\/3&#8243;][vc_single_image image=&#8221;13392&#8243; img_size=&#8221;full&#8221;][vc_custom_heading text=&#8221;Graanbijproducten&#8221; font_container=&#8221;tag:h3|text_align:left&#8221; use_theme_fonts=&#8221;yes&#8221;][vc_column_text css=&#8221;.vc_custom_1538383218084{margin-bottom: 20px !important;}&#8221;]<span style=\"font-weight: 400;\">Tarwegluten<\/span>\u00a0<span style=\"color: #999999;\">-pellets\/-meel<\/span><br \/>\n<span style=\"font-weight: 400;\">Tarweblok <\/span><span style=\"color: #999999;\">\u00a0-pellets<\/span><br \/>\n<span style=\"font-weight: 400;\">Bloem<\/span><br \/>\n<span style=\"font-weight: 400;\">Tarweblokken<\/span> <span style=\"color: #999999;\">-pellets<\/span><br \/>\n<span style=\"font-weight: 400;\">Tarwekiemen<\/span><br \/>\n<span style=\"font-weight: 400;\">Maisgluten<\/span> <span style=\"color: #999999;\">-pellets\/-meel<\/span><br \/>\nPrairiemeel \/ <span style=\"font-weight: 400;\">Maanglutenmeel<\/span><br \/>\n<span style=\"font-weight: 400;\">Ma\u00efsmeel<\/span><br \/>\n<span style=\"font-weight: 400;\">Ma\u00efskiemen<\/span><br \/>\n<span style=\"font-weight: 400;\">Ma\u00efskiemmeel<\/span>[\/vc_column_text][\/vc_column][vc_column width=&#8221;1\/3&#8243;][vc_single_image image=&#8221;13188&#8243; img_size=&#8221;full&#8221;][vc_custom_heading text=&#8221;Zaadbijproducten&#8221; font_container=&#8221;tag:h3|text_align:left&#8221; use_theme_fonts=&#8221;yes&#8221;][vc_column_text css=&#8221;.vc_custom_1538383257814{margin-bottom: 20px !important;}&#8221;]<span style=\"font-weight: 400;\">Zonnebloemmeel<\/span> <span style=\"color: #999999;\">-expeller<\/span><br \/>\n<span style=\"font-weight: 400;\">Raapzaadmeel<\/span> <span style=\"color: #999999;\">-expeller<\/span><br \/>\n<span style=\"font-weight: 400;\">Lijnzaadmeel<\/span> <span style=\"color: #999999;\">&#8211; expeller<\/span>[\/vc_column_text][\/vc_column][vc_column width=&#8221;1\/3&#8243;][vc_single_image image=&#8221;13393&#8243; img_size=&#8221;full&#8221;][vc_custom_heading text=&#8221;Voedingsmiddelen en dranken bijproducten&#8221; font_container=&#8221;tag:h3|text_align:left&#8221; use_theme_fonts=&#8221;yes&#8221;][vc_column_text css=&#8221;.vc_custom_1538383299256{margin-bottom: 20px !important;}&#8221;]<span style=\"font-weight: 400;\">Maltgermpellets<\/span><br \/>\n<span style=\"font-weight: 400;\">Haver <\/span> <span style=\"color: #999999;\">-pellets<\/span><br \/>\nSpelt\u00a0<span style=\"color: #999999;\">-pellets<\/span><br \/>\n<span style=\"font-weight: 400;\">DDGS Bio energy Ind.<\/span><br \/>\n<span style=\"font-weight: 400;\">Aardappel bijproducten<\/span>[\/vc_column_text][\/vc_column][\/vc_row][vc_row wrap_type=&#8221;in_container&#8221; css=&#8221;.vc_custom_1530624161526{padding-top: 50px !important;}&#8221;][vc_column width=&#8221;1\/3&#8243;][vc_single_image image=&#8221;13186&#8243; img_size=&#8221;full&#8221;][vc_custom_heading text=&#8221;Granen&#8221; font_container=&#8221;tag:h3|text_align:left&#8221; use_theme_fonts=&#8221;yes&#8221;][vc_column_text css=&#8221;.vc_custom_1538383449125{margin-bottom: 20px !important;}&#8221;]<span style=\"font-weight: 400;\">Tarwe<\/span> Dorsen + Voeding<br \/>\n<span style=\"font-weight: 400;\">Rogge Dorsen + Voeding<\/span><br \/>\nSpelt Dorsen + Voeding<br \/>\n<span style=\"font-weight: 400;\">Gerst<\/span><br \/>\n<span style=\"font-weight: 400;\">Triticale<\/span><br \/>\n<span style=\"font-weight: 400;\">Ma\u00efs<\/span><br \/>\n<span style=\"font-weight: 400;\">Haver<\/span><br \/>\n<span style=\"font-weight: 400;\">Sorgo<\/span>[\/vc_column_text][\/vc_column][vc_column width=&#8221;1\/3&#8243;][vc_single_image image=&#8221;13191&#8243; img_size=&#8221;full&#8221;][vc_custom_heading text=&#8221;Zaden&#8221; font_container=&#8221;tag:h3|text_align:left&#8221; use_theme_fonts=&#8221;yes&#8221;][vc_column_text css=&#8221;.vc_custom_1538383469292{margin-bottom: 20px !important;}&#8221;]<span style=\"font-weight: 400;\">Raapzaad<br \/>\n<\/span><span style=\"font-weight: 400;\">Lijnzaad<br \/>\n<\/span><span style=\"font-weight: 400;\">Zonnebloemzaad<\/span>[\/vc_column_text][\/vc_column][vc_column width=&#8221;1\/3&#8243;][vc_single_image image=&#8221;13190&#8243; img_size=&#8221;full&#8221;][vc_custom_heading text=&#8221;Prote\u00efnen&#8221; font_container=&#8221;tag:h3|text_align:left&#8221; use_theme_fonts=&#8221;yes&#8221;][vc_column_text css=&#8221;.vc_custom_1538383497643{margin-bottom: 20px !important;}&#8221;]Soja <span style=\"color: #999999;\">-bonen<\/span><br \/>\n<span style=\"font-weight: 400;\">Erwten<\/span><br \/>\n<span style=\"font-weight: 400;\">Paardenbonen<\/span><br \/>\n<span style=\"font-weight: 400;\">Lupine<\/span>[\/vc_column_text][\/vc_column][\/vc_row][vc_row css=&#8221;.vc_custom_1530532437880{padding-top: 45px !important;padding-bottom: 15px !important;background-color: #a5a43e !important;}&#8221;][vc_column css=&#8221;.vc_custom_1453536356925{padding-top: 0px !important;}&#8221;][vc_row_inner wrap_type=&#8221;in_container&#8221;][vc_column_inner width=&#8221;2\/3&#8243;][vc_column_text css=&#8221;.vc_custom_1542708881387{margin-top: 0px !important;margin-bottom: 0px !important;}&#8221;]<\/p>\n<p style=\"color: #fff; font-size: 22px; margin: 0 0 5px;\">Heeft u vragen?<\/p>\n<p><span style=\"color: #fff; font-style: italic;\">Stuur ons gerust een bericht.<\/span>[\/vc_column_text][vc_empty_space height=&#8221;30px&#8221;][\/vc_column_inner][vc_column_inner width=&#8221;1\/3&#8243;][dh_button title=&#8221;CONTACTEER ONS&#8221; btn_icon_type=&#8221;fontawesome&#8221; btn_icon_align=&#8221;right&#8221; btn_icon_slide_in=&#8221;yes&#8221; icon_fontawesome=&#8221;fa fa-long-arrow-right&#8221; style=&#8221;outline&#8221; color=&#8221;custom&#8221; alignment=&#8221;right&#8221; href=&#8221;https:\/\/derigran.be\/nl\/contact\/&#8221; border_color=&#8221;#ffffff&#8221; text_color=&#8221;#ffffff&#8221;][\/vc_column_inner][\/vc_row_inner][\/vc_column][\/vc_row]<\/p>\n<\/div>","protected":false},"excerpt":{"rendered":"<p>[vc_row wrap_type=&#8221;in_container&#8221; css=&#8221;.vc_custom_1530624161526{padding-top: 50px !important;}&#8221;][vc_column width=&#8221;1\/3&#8243;][vc_single_image image=&#8221;13392&#8243; img_size=&#8221;full&#8221;][vc_custom_heading text=&#8221;Graanbijproducten&#8221; font_container=&#8221;tag:h3|text_align:left&#8221; use_theme_fonts=&#8221;yes&#8221;][vc_column_text css=&#8221;.vc_custom_1538383218084{margin-bottom: 20px !important;}&#8221;]Tarwegluten\u00a0-pellets\/-meel Tarweblok \u00a0-pellets Bloem Tarweblokken -pellets Tarwekiemen Maisgluten -pellets\/-meel Prairiemeel \/ Maanglutenmeel Ma\u00efsmeel Ma\u00efskiemen Ma\u00efskiemmeel[\/vc_column_text][\/vc_column][vc_column width=&#8221;1\/3&#8243;][vc_single_image image=&#8221;13188&#8243; img_size=&#8221;full&#8221;][vc_custom_heading text=&#8221;Zaadbijproducten&#8221; font_container=&#8221;tag:h3|text_align:left&#8221; use_theme_fonts=&#8221;yes&#8221;][vc_column_text css=&#8221;.vc_custom_1538383257814{margin-bottom: 20px !important;}&#8221;]Zonnebloemmeel -expeller Raapzaadmeel -expeller Lijnzaadmeel &#8211; expeller[\/vc_column_text][\/vc_column][vc_column width=&#8221;1\/3&#8243;][vc_single_image image=&#8221;13393&#8243; img_size=&#8221;full&#8221;][vc_custom_heading text=&#8221;Voedingsmiddelen en dranken bijproducten&#8221; font_container=&#8221;tag:h3|text_align:left&#8221; use_theme_fonts=&#8221;yes&#8221;][vc_column_text css=&#8221;.vc_custom_1538383299256{margin-bottom: 20px !important;}&#8221;]Maltgermpellets Haver -pellets Spelt\u00a0-pellets DDGS Bio&#8230;<\/p>\n","protected":false},"author":1,"featured_media":0,"parent":0,"menu_order":0,"comment_status":"closed","ping_status":"closed","template":"page-full-width.php","meta":{"footnotes":""},"class_list":["post-13183","page","type-page","status-publish","hentry"],"_links":{"self":[{"href":"https:\/\/www.derigran.be\/nl\/wp-json\/wp\/v2\/pages\/13183","targetHints":{"allow":["GET"]}}],"collection":[{"href":"https:\/\/www.derigran.be\/nl\/wp-json\/wp\/v2\/pages"}],"about":[{"href":"https:\/\/www.derigran.be\/nl\/wp-json\/wp\/v2\/types\/page"}],"author":[{"embeddable":true,"href":"https:\/\/www.derigran.be\/nl\/wp-json\/wp\/v2\/users\/1"}],"replies":[{"embeddable":true,"href":"https:\/\/www.derigran.be\/nl\/wp-json\/wp\/v2\/comments?post=13183"}],"version-history":[{"count":28,"href":"https:\/\/www.derigran.be\/nl\/wp-json\/wp\/v2\/pages\/13183\/revisions"}],"predecessor-version":[{"id":13594,"href":"https:\/\/www.derigran.be\/nl\/wp-json\/wp\/v2\/pages\/13183\/revisions\/13594"}],"wp:attachment":[{"href":"https:\/\/www.derigran.be\/nl\/wp-json\/wp\/v2\/media?parent=13183"}],"curies":[{"name":"wp","href":"https:\/\/api.w.org\/{rel}","templated":true}]}}